{"id":348,"date":"2011-01-18T20:44:33","date_gmt":"2011-01-18T19:44:33","guid":{"rendered":"http:\/\/www.atelier-drexl.de\/test\/?page_id=348"},"modified":"2023-01-15T12:46:24","modified_gmt":"2023-01-15T11:46:24","slug":"fotomalerei","status":"publish","type":"page","link":"http:\/\/www.atelier-drexl.de\/?page_id=348","title":{"rendered":"Fotomalerei"},"content":{"rendered":"<p>Aus den Jahren 1983 und 1984 stammen die folgenden Fotoarbeiten. Ich habe sie &#8222;Dunkelkammerexperimente&#8220; und &#8222;Fotomalerei&#8220; genannt &#8211; es sind Darstellungen in Schwarz-Wei\u00df auf Fotopapier, entstanden vor der &#8222;Photoshop-\u00c4ra&#8220;. Die Formate bewegen sich zwischen Postkartengr\u00f6\u00dfe und ca. 40&#215;60 cm.<\/p>\n<p style=\"text-align: center;\"><img loading=\"lazy\" decoding=\"async\" class=\"aligncenter wp-image-388 size-full\" title=\"archiv000\" src=\"http:\/\/www.atelier-drexl.de\/wp-content\/uploads\/2011\/01\/archiv000.jpg\" alt=\"\" width=\"580\" height=\"401\" srcset=\"http:\/\/www.atelier-drexl.de\/wp-content\/uploads\/2011\/01\/archiv000.jpg 580w, http:\/\/www.atelier-drexl.de\/wp-content\/uploads\/2011\/01\/archiv000-150x103.jpg 150w, http:\/\/www.atelier-drexl.de\/wp-content\/uploads\/2011\/01\/archiv000-500x345.jpg 500w\" sizes=\"auto, (max-width: 580px) 100vw, 580px\" \/><\/p>\n<p><strong>Fotomalerei<\/strong><\/p>\n<p>Das belichtete Papier wird nicht in die Entwicklerschale getaucht, sondern der Entwickler wird mit dem Pinsel partiell aufgetragen.<\/p>\n<p>Das Vergr\u00f6\u00dferungsger\u00e4t mit seinen Linsen, die Eigenschaften des Fotopapiers (als Papier und durch die Lichtempfindlichkeit), verschiedene Lichtquellen, die Entwicklerfl\u00fcssigkeit und vieles mehr bilden zusammen mit der eigenen Kreativit\u00e4t eine unersch\u00f6pfliche Quelle fantasievoller Bilder.<\/p>\n","protected":false},"excerpt":{"rendered":"<p>Aus den Jahren 1983 und 1984 stammen die folgenden Fotoarbeiten. Ich habe sie &#8222;Dunkelkammerexperimente&#8220; und &#8222;Fotomalerei&#8220; genannt &#8211; es sind Darstellungen in Schwarz-Wei\u00df auf Fotopapier, entstanden vor der &#8222;Photoshop-\u00c4ra&#8220;. Die Formate bewegen sich zwischen Postkartengr\u00f6\u00dfe und ca. 40&#215;60 cm. Fotomalerei Das belichtete Papier wird nicht in die Entwicklerschale getaucht, sondern der Entwickler wird mit dem [&hellip;]<\/p>\n","protected":false},"author":1,"featured_media":0,"parent":150,"menu_order":1,"comment_status":"closed","ping_status":"closed","template":"","meta":{"footnotes":""},"class_list":["post-348","page","type-page","status-publish","hentry"],"_links":{"self":[{"href":"http:\/\/www.atelier-drexl.de\/index.php?rest_route=\/wp\/v2\/pages\/348","targetHints":{"allow":["GET"]}}],"collection":[{"href":"http:\/\/www.atelier-drexl.de\/index.php?rest_route=\/wp\/v2\/pages"}],"about":[{"href":"http:\/\/www.atelier-drexl.de\/index.php?rest_route=\/wp\/v2\/types\/page"}],"author":[{"embeddable":true,"href":"http:\/\/www.atelier-drexl.de\/index.php?rest_route=\/wp\/v2\/users\/1"}],"replies":[{"embeddable":true,"href":"http:\/\/www.atelier-drexl.de\/index.php?rest_route=%2Fwp%2Fv2%2Fcomments&post=348"}],"version-history":[{"count":6,"href":"http:\/\/www.atelier-drexl.de\/index.php?rest_route=\/wp\/v2\/pages\/348\/revisions"}],"predecessor-version":[{"id":1589,"href":"http:\/\/www.atelier-drexl.de\/index.php?rest_route=\/wp\/v2\/pages\/348\/revisions\/1589"}],"up":[{"embeddable":true,"href":"http:\/\/www.atelier-drexl.de\/index.php?rest_route=\/wp\/v2\/pages\/150"}],"wp:attachment":[{"href":"http:\/\/www.atelier-drexl.de\/index.php?rest_route=%2Fwp%2Fv2%2Fmedia&parent=348"}],"curies":[{"name":"wp","href":"https:\/\/api.w.org\/{rel}","templated":true}]}}