{"id":17,"date":"2010-12-28T10:57:11","date_gmt":"2010-12-28T10:57:11","guid":{"rendered":"http:\/\/www.atelier-drexl.de\/test\/?page_id=17"},"modified":"2023-01-15T12:51:05","modified_gmt":"2023-01-15T11:51:05","slug":"kontakt","status":"publish","type":"page","link":"http:\/\/www.atelier-drexl.de\/?page_id=17","title":{"rendered":"Kontakt"},"content":{"rendered":"<div class=\"wp-block-image wp-image-1469 size-medium\">\n<figure class=\"aligncenter\"><img loading=\"lazy\" decoding=\"async\" width=\"500\" height=\"375\" src=\"http:\/\/www.atelier-drexl.de\/wp-content\/uploads\/2021\/05\/4210-Galerie-red-500x375.jpg\" alt=\"\" class=\"wp-image-1469\" srcset=\"http:\/\/www.atelier-drexl.de\/wp-content\/uploads\/2021\/05\/4210-Galerie-red-500x375.jpg 500w, http:\/\/www.atelier-drexl.de\/wp-content\/uploads\/2021\/05\/4210-Galerie-red-150x113.jpg 150w, http:\/\/www.atelier-drexl.de\/wp-content\/uploads\/2021\/05\/4210-Galerie-red-768x576.jpg 768w, http:\/\/www.atelier-drexl.de\/wp-content\/uploads\/2021\/05\/4210-Galerie-red.jpg 1000w\" sizes=\"auto, (max-width: 500px) 100vw, 500px\" \/><figcaption class=\"wp-element-caption\">Galeriebereich<\/figcaption><\/figure><\/div>\n\n\n<p class=\"has-text-align-center\">Vielen Dank f\u00fcr den Besuch meiner Homepage!<br>Falls Sie die Preise f\u00fcr die Bilder interessieren, fragen Sie bitte bei mir an.<br>Die Homepage wird regelm\u00e4\u00dfig aktualisiert, vielleicht schauen Sie wieder mal rein!<\/p>\n\n\n\n<p class=\"has-text-align-center\">Sie k\u00f6nnen mich gerne in meinem Atelier in<\/p>\n\n\n\n<p class=\"has-text-align-center\">94107 Untergriesbach, Dr.-Schindler-Stra\u00dfe 9, besuchen!<\/p>\n\n\n\n<p class=\"has-text-align-center\">Dieter Drexl<\/p>\n\n\n\n<p class=\"has-text-align-center\">0176\/34005208<\/p>\n\n\n\n<p class=\"has-text-align-center\">atelier-drexl@gmx.net<\/p>\n\n\n\n<p class=\"has-text-align-center\"><a href=\"mailto:atelier-drexl@gmx.net\">E-Mail<\/a><br><a href=\"http:\/\/www.atelier-drexl.de\">www.atelier-drexl.de<\/a><\/p>\n","protected":false},"excerpt":{"rendered":"<p>Vielen Dank f\u00fcr den Besuch meiner Homepage!Falls Sie die Preise f\u00fcr die Bilder interessieren, fragen Sie bitte bei mir an.Die Homepage wird regelm\u00e4\u00dfig aktualisiert, vielleicht schauen Sie wieder mal rein! Sie k\u00f6nnen mich gerne in meinem Atelier in 94107 Untergriesbach, Dr.-Schindler-Stra\u00dfe 9, besuchen! Dieter Drexl 0176\/34005208 atelier-drexl@gmx.net E-Mailwww.atelier-drexl.de<\/p>\n","protected":false},"author":1,"featured_media":0,"parent":0,"menu_order":70,"comment_status":"closed","ping_status":"closed","template":"","meta":{"footnotes":""},"class_list":["post-17","page","type-page","status-publish","hentry"],"_links":{"self":[{"href":"http:\/\/www.atelier-drexl.de\/index.php?rest_route=\/wp\/v2\/pages\/17","targetHints":{"allow":["GET"]}}],"collection":[{"href":"http:\/\/www.atelier-drexl.de\/index.php?rest_route=\/wp\/v2\/pages"}],"about":[{"href":"http:\/\/www.atelier-drexl.de\/index.php?rest_route=\/wp\/v2\/types\/page"}],"author":[{"embeddable":true,"href":"http:\/\/www.atelier-drexl.de\/index.php?rest_route=\/wp\/v2\/users\/1"}],"replies":[{"embeddable":true,"href":"http:\/\/www.atelier-drexl.de\/index.php?rest_route=%2Fwp%2Fv2%2Fcomments&post=17"}],"version-history":[{"count":41,"href":"http:\/\/www.atelier-drexl.de\/index.php?rest_route=\/wp\/v2\/pages\/17\/revisions"}],"predecessor-version":[{"id":1598,"href":"http:\/\/www.atelier-drexl.de\/index.php?rest_route=\/wp\/v2\/pages\/17\/revisions\/1598"}],"wp:attachment":[{"href":"http:\/\/www.atelier-drexl.de\/index.php?rest_route=%2Fwp%2Fv2%2Fmedia&parent=17"}],"curies":[{"name":"wp","href":"https:\/\/api.w.org\/{rel}","templated":true}]}}